{"id":9518,"date":"2026-03-13T00:01:45","date_gmt":"2026-03-12T23:01:45","guid":{"rendered":"https:\/\/tennisurgell.com\/botiga-online\/sin categor\u00eda\/pack-dacompanyants\/"},"modified":"2026-03-13T00:01:45","modified_gmt":"2026-03-12T23:01:45","slug":"pack-dacompanyants","status":"publish","type":"product","link":"https:\/\/tennisurgell.com\/es\/botiga-online\/inscripciones\/pack-dacompanyants\/","title":{"rendered":"Pack d&#8217;Acompanyants"},"content":{"rendered":"","protected":false},"excerpt":{"rendered":"<h4 id=\"tw-target-text\" class=\"tw-data-text tw-text-large tw-ta\" dir=\"ltr\" tabindex=\"-1\" role=\"text\" data-placeholder=\"Traducci\u00f3n\" data-ved=\"2ahUKEwiqncXHspyTAxVqKvsDHYvTKtAQ3ewLegQIDBAV\" aria-label=\"Texto traducido: Inscripci\u00f3 Acompanyants de la trobada\"><span class=\"Y2IQFc\" lang=\"ca\">Inscripci\u00f3 dinar acompanyants.<\/span><\/h4>\n<p>S\u2019oferir\u00e0 un men\u00fa \u00fanic i, per motius log\u00edstics, no es podran fer adaptacions per a persones amb intoler\u00e0ncies, al\u00b7l\u00e8rgies o dietes especials. Informem que el plat principal ser\u00e0 una fideu\u00e0 que cont\u00e9 gluten i fruits secs. <\/p>\n","protected":false},"featured_media":0,"template":"","meta":{"_et_pb_use_builder":"","_et_pb_old_content":"","_et_gb_content_width":""},"product_brand":[],"product_cat":[107],"product_tag":[],"class_list":{"0":"post-9518","1":"product","2":"type-product","3":"status-publish","5":"product_cat-inscripciones","7":"first","8":"instock","9":"taxable","10":"shipping-taxable","11":"product-type-grouped"},"_links":{"self":[{"href":"https:\/\/tennisurgell.com\/es\/wp-json\/wp\/v2\/product\/9518","targetHints":{"allow":["GET"]}}],"collection":[{"href":"https:\/\/tennisurgell.com\/es\/wp-json\/wp\/v2\/product"}],"about":[{"href":"https:\/\/tennisurgell.com\/es\/wp-json\/wp\/v2\/types\/product"}],"wp:attachment":[{"href":"https:\/\/tennisurgell.com\/es\/wp-json\/wp\/v2\/media?parent=9518"}],"wp:term":[{"taxonomy":"product_brand","embeddable":true,"href":"https:\/\/tennisurgell.com\/es\/wp-json\/wp\/v2\/product_brand?post=9518"},{"taxonomy":"product_cat","embeddable":true,"href":"https:\/\/tennisurgell.com\/es\/wp-json\/wp\/v2\/product_cat?post=9518"},{"taxonomy":"product_tag","embeddable":true,"href":"https:\/\/tennisurgell.com\/es\/wp-json\/wp\/v2\/product_tag?post=9518"}],"curies":[{"name":"wp","href":"https:\/\/api.w.org\/{rel}","templated":true}]}}