{"id":1840,"date":"2024-05-09T17:00:13","date_gmt":"2024-05-09T15:00:13","guid":{"rendered":"https:\/\/tennisurgell.cat\/?post_type=product&#038;p=1840"},"modified":"2026-01-22T15:15:09","modified_gmt":"2026-01-22T14:15:09","slug":"mochila-diamond-ii-ct-urgell-copy","status":"publish","type":"product","link":"https:\/\/tennisurgell.com\/es\/botiga-online\/equipacion\/adultos\/mochila-diamond-ii-ct-urgell-copy\/","title":{"rendered":"Falda Pantal\u00f3n Open II CT URGELL"},"content":{"rendered":"<p>Short interior, cintura el\u00e1stica con cord\u00f3n, bolsillo para pelota, tejido el\u00e1stico y suave, libertad de movimiento, tejido opaco, no transparenta, tipo de ajuste: est\u00e1ndar<br \/>\n80% poli\u00e9ster, 20% Elastano<\/p>\n","protected":false},"excerpt":{"rendered":"<p>Short interior, cintura el\u00e1stica con cord\u00f3n, bolsillo para pelota, tejido el\u00e1stico y suave, libertad de movimiento, tejido opaco, no transparenta, tipo de ajuste: est\u00e1ndar 80% poli\u00e9ster, 20% Elastano<\/p>\n","protected":false},"featured_media":1534,"template":"","meta":{"_et_pb_use_builder":"","_et_pb_old_content":"","_et_gb_content_width":""},"product_brand":[],"product_cat":[144,111],"product_tag":[],"class_list":{"0":"post-1840","1":"product","2":"type-product","3":"status-publish","4":"has-post-thumbnail","6":"product_cat-adultos","7":"product_cat-equipacion","9":"first","10":"instock","11":"taxable","12":"shipping-taxable","13":"purchasable","14":"product-type-variable"},"_links":{"self":[{"href":"https:\/\/tennisurgell.com\/es\/wp-json\/wp\/v2\/product\/1840","targetHints":{"allow":["GET"]}}],"collection":[{"href":"https:\/\/tennisurgell.com\/es\/wp-json\/wp\/v2\/product"}],"about":[{"href":"https:\/\/tennisurgell.com\/es\/wp-json\/wp\/v2\/types\/product"}],"wp:featuredmedia":[{"embeddable":true,"href":"https:\/\/tennisurgell.com\/es\/wp-json\/wp\/v2\/media\/1534"}],"wp:attachment":[{"href":"https:\/\/tennisurgell.com\/es\/wp-json\/wp\/v2\/media?parent=1840"}],"wp:term":[{"taxonomy":"product_brand","embeddable":true,"href":"https:\/\/tennisurgell.com\/es\/wp-json\/wp\/v2\/product_brand?post=1840"},{"taxonomy":"product_cat","embeddable":true,"href":"https:\/\/tennisurgell.com\/es\/wp-json\/wp\/v2\/product_cat?post=1840"},{"taxonomy":"product_tag","embeddable":true,"href":"https:\/\/tennisurgell.com\/es\/wp-json\/wp\/v2\/product_tag?post=1840"}],"curies":[{"name":"wp","href":"https:\/\/api.w.org\/{rel}","templated":true}]}}