{"id":9425,"date":"2026-03-18T12:00:12","date_gmt":"2026-03-18T11:00:12","guid":{"rendered":"https:\/\/tennisurgell.com\/aaa-6a_trobada_pf\/"},"modified":"2026-03-18T12:02:20","modified_gmt":"2026-03-18T11:02:20","slug":"aaa-6a_trobada_pf","status":"publish","type":"page","link":"https:\/\/tennisurgell.com\/es\/aaa-6a_trobada_pf\/","title":{"rendered":"AAA 6a_trobada_PF"},"content":{"rendered":"<p>[et_pb_section fb_built=\u00bb1&#8243; admin_label=\u00bbsection\u00bb _builder_version=\u00bb4.16&#8243; global_colors_info=\u00bb{}\u00bb][et_pb_row admin_label=\u00bbrow\u00bb _builder_version=\u00bb4.16&#8243; background_size=\u00bbinitial\u00bb background_position=\u00bbtop_left\u00bb background_repeat=\u00bbrepeat\u00bb global_colors_info=\u00bb{}\u00bb][et_pb_column type=\u00bb4_4&#8243; _builder_version=\u00bb4.16&#8243; custom_padding=\u00bb|||\u00bb global_colors_info=\u00bb{}\u00bb custom_padding__hover=\u00bb|||\u00bb][et_pb_heading title=\u00bb6\u00aa TROBADA DE P\u00c0DEL FEMEN\u00cd\u00bb _builder_version=\u00bb4.27.4&#8243; _module_preset=\u00bbdefault\u00bb global_colors_info=\u00bb{}\u00bb][\/et_pb_heading][et_pb_text _builder_version=\u00bb4.27.6&#8243; _module_preset=\u00bbdefault\u00bb global_colors_info=\u00bb{}\u00bb]<\/p>\n<p data-path-to-node=\"3\">Ja tenim aqu\u00ed l&#8217;esperada 6a Trobada de P\u00e0del Femen\u00ed, un esdeveniment dissenyat per i per a dones pensat per compartir esport, conviv\u00e8ncia i bons moments entre totes les participants.<\/p>\n<p data-path-to-node=\"3\"><b data-path-to-node=\"5,0,0\" data-index-in-node=\"0\">Data de la trobada:<\/b> 18 d&#8217;abril de 2026.<\/p>\n<p data-path-to-node=\"5,0,0\"><b data-path-to-node=\"5,2,0\" data-index-in-node=\"0\">Lloc:<\/b> Club de Tennis Urgell, Lleida.<\/p>\n<p data-path-to-node=\"7\">La trobada est\u00e0 oberta a jugadores de tots els nivells, dividint-se en quatre categories: <b data-path-to-node=\"8,0,0\" data-index-in-node=\"0\">1\u00aa, 2\u00aa, 3\u00aa i 4\u00aa<\/b><\/p>\n<p data-path-to-node=\"7\"><strong>Preus<\/strong><b data-path-to-node=\"10,0,0\" data-index-in-node=\"0\">, <\/b><em>S\u00f2cies:<\/em> 40 \u20ac , <em>No s\u00f2cies:<\/em> 45 \u20ac<\/p>\n<p data-path-to-node=\"13\">Amb la teva inscripci\u00f3 tindr\u00e0s acc\u00e9s a:<\/p>\n<ul data-path-to-node=\"14\">\n<li>\n<p data-path-to-node=\"14,0,0\">Welcome Pack: Detalls de benvinguda per a totes les participants.<\/p>\n<\/li>\n<li>\n<p data-path-to-node=\"14,1,0\">Dinar i berenar inclosos. Es poden portar <strong>acompanyants<\/strong> a dinar per un preu de 15\u20ac men\u00fa adult i 10\u20ac men\u00fa infantil. <\/p>\n<\/li>\n<li>\n<p data-path-to-node=\"14,2,0\">Classes dirigides.<\/p>\n<\/li>\n<li>\n<p data-path-to-node=\"14,3,0\">Sorteig de regals.<\/p>\n<\/li>\n<li>\n<p data-path-to-node=\"14,4,0\">Servei de barra de gint\u00f2nics i tardeo amb DJ.<\/p>\n<\/li>\n<\/ul>\n<p data-path-to-node=\"2\">Per formalitzar la vostra participaci\u00f3, nom\u00e9s cal accedir al formulari d\u2019inscripci\u00f3 mitjan\u00e7ant l\u2019enlla\u00e7 corresponent i completar les dades sol\u00b7licitades.<\/p>\n<p data-path-to-node=\"3\">Tingueu en compte els seg\u00fcents punts importants per finalitzar el proc\u00e9s:<\/p>\n<ul data-path-to-node=\"4\">\n<li>\n<p data-path-to-node=\"4,0,0\"><b data-path-to-node=\"4,0,0\" data-index-in-node=\"0\">Talla de samarreta:<\/b> Podeu consultar la guia de mides en <a href=\"https:\/\/tennisurgell.com\/wp-content\/uploads\/Samarreta1.jpg\">aquest enlla\u00e7<\/a>. \u00c9s el mateix model de l&#8217;any passat. <\/p>\n<\/li>\n<li>\n<p data-path-to-node=\"4,1,0\"><b data-path-to-node=\"4,1,0\" data-index-in-node=\"0\">Normativa:<\/b> En el mateix formulari, caldr\u00e0 acceptar la normativa del torneig, que podeu consultar detalladament en <a href=\"https:\/\/tennisurgell.com\/es\/aaareglament-2026-trobada-fem\/\">aquest altre enlla\u00e7<\/a>.<\/p>\n<\/li>\n<li><b data-path-to-node=\"7,2,0\" data-index-in-node=\"0\">Acompanyants:<\/b> El dinar i berenar estan inclosos per a les jugadores, per\u00f2 podeu portar acompanyants per un preu de 15 \u20ac (adults) i 10 \u20ac (infantil). Trobareu el formulari per inscriure els acompanyants <b data-path-to-node=\"7,2,0\" data-index-in-node=\"201\">m\u00e9s avall en aquesta mateixa p\u00e0gina<\/b>. <\/li>\n<li>\n<p data-path-to-node=\"4,2,0\"><b data-path-to-node=\"4,2,0\" data-index-in-node=\"0\">Pagament:<\/b> Recordeu que <b data-path-to-node=\"4,2,0\" data-index-in-node=\"23\">la inscripci\u00f3 no ser\u00e0 v\u00e0lida si no es completa el pagament<\/b> a la plataforma on se us dirigir\u00e0 autom\u00e0ticament un cop h\u00e0giu completat el formulari.<\/p>\n<\/li>\n<\/ul>\n<p>[\/et_pb_text][\/et_pb_column][\/et_pb_row][et_pb_row column_structure=\u00bb1_2,1_2&#8243; _builder_version=\u00bb4.27.4&#8243; _module_preset=\u00bbdefault\u00bb global_colors_info=\u00bb{}\u00bb][et_pb_column type=\u00bb1_2&#8243; _builder_version=\u00bb4.27.4&#8243; _module_preset=\u00bbdefault\u00bb global_colors_info=\u00bb{}\u00bb][et_pb_button button_url=\u00bbhttps:\/\/tennisurgell.com\/es\/?page_id=9422&#8243; button_text=\u00bbFORMULARIO DE INSCRIPCI\u00d3N VI TROBADA\u00bb _builder_version=\u00bb4.27.4&#8243; _module_preset=\u00bbdefault\u00bb global_colors_info=\u00bb{}\u00bb][\/et_pb_button][\/et_pb_column][et_pb_column type=\u00bb1_2&#8243; _builder_version=\u00bb4.27.4&#8243; _module_preset=\u00bbdefault\u00bb global_colors_info=\u00bb{}\u00bb][et_pb_button button_url=\u00bbhttps:\/\/tennisurgell.com\/es\/?page_id=6015&#8243; button_text=\u00bbINSCRIPCI\u00d3 DINAR ACOMPANYANTS\u00bb _builder_version=\u00bb4.27.4&#8243; _module_preset=\u00bbdefault\u00bb global_colors_info=\u00bb{}\u00bb][\/et_pb_button][\/et_pb_column][\/et_pb_row][\/et_pb_section]<\/p>\n","protected":false},"excerpt":{"rendered":"<p>Ja tenim aqu\u00ed l&#8217;esperada 6a Trobada de P\u00e0del Femen\u00ed, un esdeveniment dissenyat per i per a dones pensat per compartir esport, conviv\u00e8ncia i bons moments entre totes les participants. Data de la trobada: 18 d&#8217;abril de 2026. Lloc: Club de Tennis Urgell, Lleida. La trobada est\u00e0 oberta a jugadores de tots els nivells, dividint-se en [&hellip;]<\/p>\n","protected":false},"author":23,"featured_media":0,"parent":0,"menu_order":0,"comment_status":"closed","ping_status":"closed","template":"","meta":{"_et_pb_use_builder":"on","_et_pb_old_content":"","_et_gb_content_width":"","footnotes":""},"class_list":["post-9425","page","type-page","status-publish","hentry"],"_links":{"self":[{"href":"https:\/\/tennisurgell.com\/es\/wp-json\/wp\/v2\/pages\/9425","targetHints":{"allow":["GET"]}}],"collection":[{"href":"https:\/\/tennisurgell.com\/es\/wp-json\/wp\/v2\/pages"}],"about":[{"href":"https:\/\/tennisurgell.com\/es\/wp-json\/wp\/v2\/types\/page"}],"author":[{"embeddable":true,"href":"https:\/\/tennisurgell.com\/es\/wp-json\/wp\/v2\/users\/23"}],"replies":[{"embeddable":true,"href":"https:\/\/tennisurgell.com\/es\/wp-json\/wp\/v2\/comments?post=9425"}],"version-history":[{"count":13,"href":"https:\/\/tennisurgell.com\/es\/wp-json\/wp\/v2\/pages\/9425\/revisions"}],"predecessor-version":[{"id":9538,"href":"https:\/\/tennisurgell.com\/es\/wp-json\/wp\/v2\/pages\/9425\/revisions\/9538"}],"wp:attachment":[{"href":"https:\/\/tennisurgell.com\/es\/wp-json\/wp\/v2\/media?parent=9425"}],"curies":[{"name":"wp","href":"https:\/\/api.w.org\/{rel}","templated":true}]}}