{"id":9401,"date":"2025-03-21T16:00:11","date_gmt":"2025-03-21T15:00:11","guid":{"rendered":"https:\/\/tennisurgell.com\/aaareglament-2026-trobada-fem\/"},"modified":"2026-03-16T09:16:11","modified_gmt":"2026-03-16T08:16:11","slug":"aaareglament-2026-trobada-fem","status":"publish","type":"page","link":"https:\/\/tennisurgell.com\/es\/aaareglament-2026-trobada-fem\/","title":{"rendered":"AAAReglament 2026 Trobada Fem."},"content":{"rendered":"<p>[et_pb_section fb_built=\u00bb1&#8243; _builder_version=\u00bb4.16&#8243; global_colors_info=\u00bb{}\u00bb][et_pb_row _builder_version=\u00bb4.16&#8243; background_size=\u00bbinitial\u00bb background_position=\u00bbtop_left\u00bb background_repeat=\u00bbrepeat\u00bb global_colors_info=\u00bb{}\u00bb][et_pb_column type=\u00bb4_4&#8243; _builder_version=\u00bb4.16&#8243; custom_padding=\u00bb|||\u00bb global_colors_info=\u00bb{}\u00bb custom_padding__hover=\u00bb|||\u00bb][et_pb_text _builder_version=\u00bb4.27.6&#8243; background_size=\u00bbinitial\u00bb background_position=\u00bbtop_left\u00bb background_repeat=\u00bbrepeat\u00bb hover_enabled=\u00bb0&#8243; global_colors_info=\u00bb{}\u00bb sticky_enabled=\u00bb0&#8243;]<\/p>\n<h2><img decoding=\"async\" class=\"size-medium wp-image-9298 aligncenter lazyload\" data-src=\"https:\/\/tennisurgell.com\/wp-content\/uploads\/Imagen1-1-300x159.png\" alt=\"\" width=\"300\" height=\"159\" data-srcset=\"https:\/\/tennisurgell.com\/wp-content\/uploads\/Imagen1-1-300x159.png 300w, https:\/\/tennisurgell.com\/wp-content\/uploads\/Imagen1-1-150x79.png 150w, https:\/\/tennisurgell.com\/wp-content\/uploads\/Imagen1-1.png 478w\" data-sizes=\"(max-width: 300px) 100vw, 300px\" src=\"data:image\/svg+xml;base64,PHN2ZyB3aWR0aD0iMSIgaGVpZ2h0PSIxIiB4bWxucz0iaHR0cDovL3d3dy53My5vcmcvMjAwMC9zdmciPjwvc3ZnPg==\" style=\"--smush-placeholder-width: 300px; --smush-placeholder-aspect-ratio: 300\/159;\" \/><\/h2>\n<h2 style=\"text-align: center;\"><span style=\"color: #000000;\"><strong><u>REGLAMENT 2026<\/u><\/strong><\/span><\/h2>\n<p style=\"text-align: left; padding-left: 40px;\"><strong><u>OBSERVACIONS GENERALS<\/u><\/strong><\/p>\n<ol>\n<li style=\"list-style-type: none;\">\n<ol>\n<li style=\"list-style-type: none;\">\n<ol>\n<li>Inscriure&#8217;s en aquesta trobada de p\u00e0del implica l&#8217;acceptaci\u00f3 total de les normes establertes.<\/li>\n<li>Per participar a la trobada cal tenir 16 anys l\u2019any d\u2019edici\u00f3 de la trobada (nascudes l\u2019any 2009)<\/li>\n<li>Els partits tindran una durada de 25\u2019 i 5 d\u2019escalfament.<\/li>\n<li>S\u2019haur\u00e0 d\u2019arribar 15\u2019 abans del primer partit.<\/li>\n<li>Els participants entraran a l\u2019hora i al cap de 5\u2019 sonar\u00e0 un xiulet per iniciar el partit.<\/li>\n<li>El partit s\u2019acabar\u00e0 quan torni a sonar el xiulet<\/li>\n<li>Es contaran els jocs finalitzats durant els 25\u2019 minuts a m\u00e0xim de 10 jocs.<\/li>\n<li>En acabar el partit la parella guanyadora donar\u00e0 el resultat a la taula de l\u2019organitzaci\u00f3.<\/li>\n<li>A cada una de les pistes hi haur\u00e0 3 pilotes. En acabar el partit s\u2019han de deixar a la pista. <\/li>\n<li>Si hi ha alguna discrep\u00e0ncia podeu anar a la taula de l\u2019organitzaci\u00f3. Tere Cots, Anna Fillat, i Mariona Rexach faran de jutges \u00e0rbitres. <\/li>\n<li>Es contar\u00e0 de la seg\u00fcent manera:\n<ul>\n<li>Partit guanyat: 2 punts<\/li>\n<li>Partit empatat: 1 punt<\/li>\n<li>Partit perdut: 0 punts<\/li>\n<li>En cas d\u2019empat entre dues parelles, es contar\u00e0 enfrontament entre elles. Si continua l\u2019empat, la que tingui m\u00e9s jocs guanyats en total. <\/li>\n<\/ul>\n<\/li>\n<li>Totes les parelles jugaran un m\u00ednim de 4 partits i m\u00e0xim de 6 partits.<\/li>\n<li>Al comen\u00e7ament del partit decideix si es canvia de camp als jocs imparells.<\/li>\n<li>En cas de lesi\u00f3 d\u2019una jugadora, l\u2019organitzaci\u00f3 l&#8217;intentar\u00e0 buscar una substituta de nivell semblant.<\/li>\n<li>Al recompte final nom\u00e9s es contaran els jocs acabats.<\/li>\n<li>La competici\u00f3 constar\u00e0 de 4 categories. Primer, segona, tercera i quarta. <\/li>\n<li>En cas de no presentar-se el resultat ser\u00e0 de 0 per la parella NP i 5 punts a favor de la parella present.<\/li>\n<\/ol>\n<\/li>\n<\/ol>\n<\/li>\n<\/ol>\n<p style=\"text-align: left; padding-left: 40px;\"><strong><u>RESPONSABILITAT<\/u><\/strong><\/p>\n<p style=\"text-align: left; padding-left: 40px;\">L&#8217;organitzaci\u00f3 no assumeix cap responsabilitat pels possibles danys que les participants puguin causar o es poguessin causar a elles mateixes durant la trobada de p\u00e0del femen\u00ed.<\/p>\n<p style=\"text-align: left; padding-left: 40px;\">La participant declara estar en condicions f\u00edsiques \u00f2ptimes per a la realitzaci\u00f3 de l\u2019activitat f\u00edsica que suposen els diferents partits de p\u00e0del.<\/p>\n<p style=\"text-align: left; padding-left: 40px;\">Les menors de 18 anys han de participar sota la supervisi\u00f3 d&#8217;un adult.<\/p>\n<p style=\"text-align: left; padding-left: 40px;\"><strong><u>ACCEPTACI\u00d3<\/u><\/strong><\/p>\n<p style=\"text-align: left; padding-left: 40px;\">Totes les participants, pel fet d\u2019inscriure&#8217;s, accepten el present reglament. En cas de dubte o situacions no previstes, la decisi\u00f3 recaur\u00e0 en l&#8217;Organitzaci\u00f3. <\/p>\n<p style=\"text-align: left; padding-left: 40px;\">En inscriure&#8217;s, les participants confirmen haver llegit, ent\u00e8s i assumit el comprom\u00eds seg\u00fcent:<\/p>\n<ul>\n<li style=\"list-style-type: none;\">\n<ul>\n<li style=\"list-style-type: none;\">\n<ul>\n<li>Certifico estar en bon estat f\u00edsic.<\/li>\n<li>Eximeixo de tota responsabilitat a l\u2019organitzaci\u00f3 per p\u00e8rdua d&#8217;objectes personals durant la trobada, sigui per robatori o altres circumst\u00e0ncies.<\/li>\n<li>Renuncio a qualsevol acci\u00f3 legal derivada de la participaci\u00f3 en la trobada.<\/li>\n<li>Autoritzo l&#8217;organitzaci\u00f3 a gravar totalment o parcialment la meva participaci\u00f3 mitjan\u00e7ant v\u00eddeo i\/o foto i cedeixo tots els drets d\u2019imatge per a la seva difusi\u00f3 a les xarxes socials i mitjans de comunicaci\u00f3.<\/li>\n<\/ul>\n<\/li>\n<\/ul>\n<\/li>\n<\/ul>\n<p style=\"text-align: left; padding-left: 40px;\">La inscripci\u00f3 a la trobada de p\u00e0del \u00e9s personal i intransferible.<\/p>\n<p style=\"text-align: left; padding-left: 40px;\">No s&#8217;acceptaran devolucions per cap motiu.<\/p>\n<p style=\"text-align: left; padding-left: 40px;\">En cas que la trobada s\u2019hagi d\u2019ajornar o suspendre per causes de for\u00e7a major, l&#8217;organitzaci\u00f3 intentar\u00e0 buscar una nova data alternativa. Si no \u00e9s possible reprogramar l&#8217;activitat, es retornar\u00e0 una part proporcional de la inscripci\u00f3, segons les despeses ja generades. <\/p>\n<p style=\"text-align: left; padding-left: 40px;\">S\u2019oferir\u00e0 un men\u00fa \u00fanic i, per motius log\u00edstics, no es podran fer adaptacions per a persones amb intoler\u00e0ncies, al\u00b7l\u00e8rgies o dietes especials. Informem que el plat principal ser\u00e0 una fideu\u00e0 que cont\u00e9 gluten i fruits secs. <\/p>\n<p style=\"text-align: left; padding-left: 40px;\"><strong><u>INFORMACI\u00d3<\/u><\/strong><\/p>\n<p style=\"text-align: left; padding-left: 40px;\">Per a qualsevol consulta relacionada amb la trobada, podeu contactar-nos per correu electr\u00f2nic a: padelfemeniurgell@gmail.com.<\/p>\n<p style=\"text-align: left; padding-left: 40px;\"><strong><u>PRIVACITAT<\/u><\/strong><\/p>\n<p style=\"text-align: left; padding-left: 40px;\">D&#8217;acord amb la Llei Org\u00e0nica 3\/2018, de 5 de desembre, de Protecci\u00f3 de Dades i Garantia dels Drets Digitals (LOPDGDD), les dades personals recollides en la inscripci\u00f3 seran objecte de tractament per part de l\u2019organitzaci\u00f3 \u00fanica i exclusivament per gestionar classificacions i resultats. Les dades es conservaran fins 6 mesos despr\u00e9s de la trobada i no seran cedides a tercers. <\/p>\n<p style=\"text-align: left; padding-left: 40px;\">Podeu exercir els vostres drets d&#8217;acc\u00e9s, rectificaci\u00f3, cancel\u00b7laci\u00f3, oposici\u00f3, entre altres, dirigint-vos per escrit a l&#8217;adre\u00e7a indicada anteriorment.<\/p>\n<p style=\"text-align: left; padding-left: 40px;\">Assabentada i conforme amb els apartats anteriors, la participant autoritza expressament l&#8217;organitzaci\u00f3 de la trobada femenina de p\u00e0del al Tennis Urgell a tractar les seves dades personals d&#8217;acord amb la normativa de protecci\u00f3 de dades vigent.<\/p>\n<p style=\"text-align: left; padding-left: 40px;\">Lleida, 2026<\/p>\n<p style=\"text-align: left; padding-left: 40px;\">[\/et_pb_text][\/et_pb_column][\/et_pb_row][\/et_pb_section]<\/p>\n","protected":false},"excerpt":{"rendered":"<p>REGLAMENT 2026 OBSERVACIONS GENERALS Inscriure&#8217;s en aquesta trobada de p\u00e0del implica l&#8217;acceptaci\u00f3 total de les normes establertes. Per participar a la trobada cal tenir 16 anys l\u2019any d\u2019edici\u00f3 de la trobada (nascudes l\u2019any 2009) Els partits tindran una durada de 25\u2019 i 5 d\u2019escalfament. S\u2019haur\u00e0 d\u2019arribar 15\u2019 abans del primer partit. Els participants entraran a [&hellip;]<\/p>\n","protected":false},"author":23,"featured_media":0,"parent":0,"menu_order":0,"comment_status":"closed","ping_status":"closed","template":"","meta":{"_et_pb_use_builder":"on","_et_pb_old_content":"","_et_gb_content_width":"","footnotes":""},"class_list":["post-9401","page","type-page","status-publish","hentry"],"_links":{"self":[{"href":"https:\/\/tennisurgell.com\/es\/wp-json\/wp\/v2\/pages\/9401","targetHints":{"allow":["GET"]}}],"collection":[{"href":"https:\/\/tennisurgell.com\/es\/wp-json\/wp\/v2\/pages"}],"about":[{"href":"https:\/\/tennisurgell.com\/es\/wp-json\/wp\/v2\/types\/page"}],"author":[{"embeddable":true,"href":"https:\/\/tennisurgell.com\/es\/wp-json\/wp\/v2\/users\/23"}],"replies":[{"embeddable":true,"href":"https:\/\/tennisurgell.com\/es\/wp-json\/wp\/v2\/comments?post=9401"}],"version-history":[{"count":2,"href":"https:\/\/tennisurgell.com\/es\/wp-json\/wp\/v2\/pages\/9401\/revisions"}],"predecessor-version":[{"id":9403,"href":"https:\/\/tennisurgell.com\/es\/wp-json\/wp\/v2\/pages\/9401\/revisions\/9403"}],"wp:attachment":[{"href":"https:\/\/tennisurgell.com\/es\/wp-json\/wp\/v2\/media?parent=9401"}],"curies":[{"name":"wp","href":"https:\/\/api.w.org\/{rel}","templated":true}]}}