{"id":3438,"date":"2024-03-12T12:31:42","date_gmt":"2024-03-12T11:31:42","guid":{"rendered":"https:\/\/tennisurgell.com\/el-club\/casales-deportivos\/"},"modified":"2024-06-17T13:59:34","modified_gmt":"2024-06-17T11:59:34","slug":"casales-deportivos","status":"publish","type":"page","link":"https:\/\/tennisurgell.com\/es\/el-club\/casales-deportivos\/","title":{"rendered":"Casales deportivos"},"content":{"rendered":"<p>[et_pb_section fb_built=\u00bb1&#8243; admin_label=\u00bbHeader\u00bb _builder_version=\u00bb4.23.4&#8243; _module_preset=\u00bbdefault\u00bb use_background_color_gradient=\u00bbon\u00bb background_color_gradient_direction=\u00bb90deg\u00bb background_color_gradient_stops=\u00bb#ffffff 70%|#f8f8f8 70%\u00bb background_color_gradient_overlays_image=\u00bbon\u00bb background_color_gradient_start=\u00bb#ffffff\u00bb background_color_gradient_start_position=\u00bb70%\u00bb background_color_gradient_end=\u00bb#f8f8f8&#8243; background_color_gradient_end_position=\u00bb70%\u00bb background_enable_image=\u00bboff\u00bb custom_padding=\u00bb||0px||false|false\u00bb background_last_edited=\u00bbon|desktop\u00bb locked=\u00bboff\u00bb global_colors_info=\u00bb{%22gcid-01d52b91-888a-4360-8bf2-df06995b266a%22:%91%93}\u00bb theme_builder_area=\u00bbpost_content\u00bb][et_pb_row column_structure=\u00bb1_6,1_6,1_6,1_2&#8243; _builder_version=\u00bb4.25.2&#8243; _module_preset=\u00bbdefault\u00bb hover_enabled=\u00bb0&#8243; global_colors_info=\u00bb{}\u00bb theme_builder_area=\u00bbpost_content\u00bb sticky_enabled=\u00bb0&#8243;][et_pb_column type=\u00bb1_6&#8243; _builder_version=\u00bb4.16&#8243; _module_preset=\u00bbdefault\u00bb global_colors_info=\u00bb{}\u00bb theme_builder_area=\u00bbpost_content\u00bb][et_pb_blurb title=\u00bbEstadas Deportivas de Verano 2024&#8243; url=\u00bb@ET-DC@eyJkeW5hbWljIjp0cnVlLCJjb250ZW50IjoicG9zdF9saW5rX3VybF9wYWdlIiwic2V0dGluZ3MiOnsicG9zdF9pZCI6IjMzMzUiLCJlbmFibGVfaHRtbCI6Im9mZiJ9fQ==@\u00bb image=\u00bbhttps:\/\/tennisurgell.com\/wp-content\/uploads\/natacion.png\u00bb image_icon_width=\u00bb7em\u00bb content_max_width=\u00bb100%\u00bb image_icon_width_last_edited=\u00bboff|desktop\u00bb _builder_version=\u00bb4.25.2&#8243; _dynamic_attributes=\u00bburl\u00bb _module_preset=\u00bb3e17696c-80b2-42c8-b2b5-9d31146ea833&#8243; header_level=\u00bbh3&#8243; text_orientation=\u00bbcenter\u00bb animation=\u00bboff\u00bb hover_enabled=\u00bb0&#8243; border_radii=\u00bbon|8px|8px|8px|8px\u00bb image_max_width=\u00bb48px\u00bb image_max_width_tablet=\u00bb32px\u00bb image_max_width_phone=\u00bb32px\u00bb image_max_width_last_edited=\u00bbon|phone\u00bb locked=\u00bboff\u00bb global_colors_info=\u00bb{}\u00bb filter_opacity__hover=\u00bb60%\u00bb filter_opacity__hover_enabled=\u00bbon|hover\u00bb theme_builder_area=\u00bbpost_content\u00bb sticky_enabled=\u00bb0&#8243;]<\/p>\n<p>Para ni\u00f1os y ni\u00f1as de 4 a 13 a\u00f1os<\/p>\n<p>[\/et_pb_blurb][\/et_pb_column][et_pb_column type=\u00bb1_6&#8243; _builder_version=\u00bb4.25.1&#8243; _module_preset=\u00bbdefault\u00bb global_colors_info=\u00bb{}\u00bb theme_builder_area=\u00bbpost_content\u00bb][et_pb_blurb title=\u00bbDeporte Joven 2024&#8243; url=\u00bb@ET-DC@eyJkeW5hbWljIjp0cnVlLCJjb250ZW50IjoicG9zdF9saW5rX3VybF9wYWdlIiwic2V0dGluZ3MiOnsicG9zdF9pZCI6IjMzNDEiLCJlbmFibGVfaHRtbCI6Im9mZiJ9fQ==@\u00bb image=\u00bbhttps:\/\/tennisurgell.com\/wp-content\/uploads\/zapatillas-de-deporte.png\u00bb image_icon_width=\u00bb7em\u00bb content_max_width=\u00bb100%\u00bb image_icon_width_last_edited=\u00bboff|desktop\u00bb _builder_version=\u00bb4.25.2&#8243; _dynamic_attributes=\u00bburl\u00bb _module_preset=\u00bb3e17696c-80b2-42c8-b2b5-9d31146ea833&#8243; header_level=\u00bbh3&#8243; text_orientation=\u00bbcenter\u00bb animation=\u00bboff\u00bb hover_enabled=\u00bb0&#8243; border_radii=\u00bbon|8px|8px|8px|8px\u00bb image_max_width=\u00bb48px\u00bb image_max_width_tablet=\u00bb32px\u00bb image_max_width_phone=\u00bb32px\u00bb image_max_width_last_edited=\u00bbon|phone\u00bb locked=\u00bboff\u00bb global_colors_info=\u00bb{}\u00bb filter_opacity__hover=\u00bb60%\u00bb filter_opacity__hover_enabled=\u00bbon|hover\u00bb theme_builder_area=\u00bbpost_content\u00bb sticky_enabled=\u00bb0&#8243;]<\/p>\n<p>Para j\u00f3venes de 14 a 18 a\u00f1os<\/p>\n<p>[\/et_pb_blurb][\/et_pb_column][et_pb_column _builder_version=\u00bb4.25.2&#8243; _module_preset=\u00bbdefault\u00bb type=\u00bb1_6&#8243; theme_builder_area=\u00bbpost_content\u00bb hover_enabled=\u00bb0&#8243; sticky_enabled=\u00bb0&#8243;][et_pb_blurb title=\u00bbGrupos Competici\u00f3n y Tecnificaci\u00f3n\u00bb url=\u00bb@ET-DC@eyJkeW5hbWljIjp0cnVlLCJjb250ZW50IjoicG9zdF9saW5rX3VybF9wYWdlIiwic2V0dGluZ3MiOnsicG9zdF9pZCI6IjM0NDEiLCJlbmFibGVfaHRtbCI6Im9mZiJ9fQ==@\u00bb image=\u00bbhttps:\/\/tennisurgell.com\/wp-content\/uploads\/tenis.png\u00bb image_icon_width=\u00bb7em\u00bb content_max_width=\u00bb100%\u00bb image_icon_width_last_edited=\u00bboff|desktop\u00bb _builder_version=\u00bb4.25.2&#8243; _dynamic_attributes=\u00bburl\u00bb _module_preset=\u00bb3e17696c-80b2-42c8-b2b5-9d31146ea833&#8243; header_level=\u00bbh3&#8243; text_orientation=\u00bbcenter\u00bb animation=\u00bboff\u00bb hover_enabled=\u00bb0&#8243; border_radii=\u00bbon|8px|8px|8px|8px\u00bb image_max_width=\u00bb48px\u00bb image_max_width_tablet=\u00bb32px\u00bb image_max_width_phone=\u00bb32px\u00bb image_max_width_last_edited=\u00bbon|phone\u00bb locked=\u00bboff\u00bb global_colors_info=\u00bb{}\u00bb filter_opacity__hover=\u00bb60%\u00bb filter_opacity__hover_enabled=\u00bbon|hover\u00bb theme_builder_area=\u00bbpost_content\u00bb sticky_enabled=\u00bb0&#8243; title_text=\u00bbtenis\u00bb]<\/p>\n<p>Entrenamientos verano 2024<\/p>\n<p>[\/et_pb_blurb][\/et_pb_column][et_pb_column type=\u00bb1_2&#8243; _builder_version=\u00bb4.16&#8243; _module_preset=\u00bbdefault\u00bb global_colors_info=\u00bb{}\u00bb theme_builder_area=\u00bbpost_content\u00bb][et_pb_gallery gallery_ids=\u00bb1627&#8243; fullwidth=\u00bbon\u00bb _builder_version=\u00bb4.24.0&#8243; _module_preset=\u00bbdefault\u00bb custom_margin=\u00bb-200px||||false|false\u00bb custom_margin_tablet=\u00bb0px||||false|false\u00bb custom_margin_phone=\u00bb0px||||false|false\u00bb custom_margin_last_edited=\u00bbon|tablet\u00bb auto=\u00bbon\u00bb global_colors_info=\u00bb{}\u00bb theme_builder_area=\u00bbpost_content\u00bb][\/et_pb_gallery][\/et_pb_column][\/et_pb_row][\/et_pb_section]<\/p>\n","protected":false},"excerpt":{"rendered":"<p>Para ni\u00f1os y ni\u00f1as de 4 a 13 a\u00f1osPara j\u00f3venes de 14 a 18 a\u00f1osEntrenamientos verano 2024<\/p>\n","protected":false},"author":1,"featured_media":0,"parent":1436,"menu_order":0,"comment_status":"closed","ping_status":"closed","template":"","meta":{"_et_pb_use_builder":"on","_et_pb_old_content":"","_et_gb_content_width":"","footnotes":""},"class_list":["post-3438","page","type-page","status-publish","hentry"],"_links":{"self":[{"href":"https:\/\/tennisurgell.com\/es\/wp-json\/wp\/v2\/pages\/3438","targetHints":{"allow":["GET"]}}],"collection":[{"href":"https:\/\/tennisurgell.com\/es\/wp-json\/wp\/v2\/pages"}],"about":[{"href":"https:\/\/tennisurgell.com\/es\/wp-json\/wp\/v2\/types\/page"}],"author":[{"embeddable":true,"href":"https:\/\/tennisurgell.com\/es\/wp-json\/wp\/v2\/users\/1"}],"replies":[{"embeddable":true,"href":"https:\/\/tennisurgell.com\/es\/wp-json\/wp\/v2\/comments?post=3438"}],"version-history":[{"count":4,"href":"https:\/\/tennisurgell.com\/es\/wp-json\/wp\/v2\/pages\/3438\/revisions"}],"predecessor-version":[{"id":3459,"href":"https:\/\/tennisurgell.com\/es\/wp-json\/wp\/v2\/pages\/3438\/revisions\/3459"}],"up":[{"embeddable":true,"href":"https:\/\/tennisurgell.com\/es\/wp-json\/wp\/v2\/pages\/1436"}],"wp:attachment":[{"href":"https:\/\/tennisurgell.com\/es\/wp-json\/wp\/v2\/media?parent=3438"}],"curies":[{"name":"wp","href":"https:\/\/api.w.org\/{rel}","templated":true}]}}