{"id":1436,"date":"2024-01-04T10:56:37","date_gmt":"2024-01-04T09:56:37","guid":{"rendered":"https:\/\/tennisurgell.cat\/el-club\/"},"modified":"2025-09-02T16:39:07","modified_gmt":"2025-09-02T14:39:07","slug":"el-club","status":"publish","type":"page","link":"https:\/\/tennisurgell.com\/es\/el-club\/","title":{"rendered":"El Club"},"content":{"rendered":"<p>[et_pb_section fb_built=\u00bb1&#8243; admin_label=\u00bbHeader\u00bb _builder_version=\u00bb4.23.4&#8243; _module_preset=\u00bbdefault\u00bb use_background_color_gradient=\u00bbon\u00bb background_color_gradient_direction=\u00bb90deg\u00bb background_color_gradient_stops=\u00bb#ffffff 70%|#f8f8f8 70%\u00bb background_color_gradient_overlays_image=\u00bbon\u00bb background_color_gradient_start=\u00bb#ffffff\u00bb background_color_gradient_start_position=\u00bb70%\u00bb background_color_gradient_end=\u00bb#f8f8f8&#8243; background_color_gradient_end_position=\u00bb70%\u00bb background_enable_image=\u00bboff\u00bb custom_padding=\u00bb||0px||false|false\u00bb background_last_edited=\u00bbon|desktop\u00bb locked=\u00bboff\u00bb global_colors_info=\u00bb{%22gcid-01d52b91-888a-4360-8bf2-df06995b266a%22:%91%93}\u00bb][et_pb_row column_structure=\u00bb2_5,3_5&#8243; _builder_version=\u00bb4.16&#8243; _module_preset=\u00bbdefault\u00bb global_colors_info=\u00bb{}\u00bb][et_pb_column type=\u00bb2_5&#8243; _builder_version=\u00bb4.16&#8243; _module_preset=\u00bbdefault\u00bb global_colors_info=\u00bb{}\u00bb][et_pb_text _builder_version=\u00bb4.23.4&#8243; _module_preset=\u00bba71a5122-3537-4d1b-aa15-649fe0057a23&#8243; locked=\u00bboff\u00bb global_colors_info=\u00bb{}\u00bb]<\/p>\n<p><span>Las instalaciones del Club Tennis Urgell permiten que todos los socios puedan disfrutar del deporte, las amistades y la fam\u00edlia.<\/span><\/p>\n<p>[\/et_pb_text][\/et_pb_column][et_pb_column type=\u00bb3_5&#8243; _builder_version=\u00bb4.16&#8243; _module_preset=\u00bbdefault\u00bb global_colors_info=\u00bb{}\u00bb][et_pb_gallery gallery_ids=\u00bb985,991,989,987,994,996,998,1003,1005,1007,1009,1011,1013,1015,1017&#8243; fullwidth=\u00bbon\u00bb _builder_version=\u00bb4.25.2&#8243; _module_preset=\u00bbdefault\u00bb custom_margin=\u00bb-200px||||false|false\u00bb custom_margin_tablet=\u00bb0px||||false|false\u00bb custom_margin_phone=\u00bb0px||||false|false\u00bb custom_margin_last_edited=\u00bbon|tablet\u00bb auto=\u00bbon\u00bb hover_enabled=\u00bb0&#8243; global_colors_info=\u00bb{}\u00bb custom_padding=\u00bb65px||||false|false\u00bb sticky_enabled=\u00bb0&#8243;][\/et_pb_gallery][\/et_pb_column][\/et_pb_row][\/et_pb_section][et_pb_section fb_built=\u00bb1&#8243; specialty=\u00bbon\u00bb _builder_version=\u00bb4.23.4&#8243; _module_preset=\u00bbdefault\u00bb use_background_color_gradient=\u00bbon\u00bb background_color_gradient_direction=\u00bb90deg\u00bb background_color_gradient_stops=\u00bb#ffffff 70%|#f8f8f8 70%\u00bb background_color_gradient_overlays_image=\u00bbon\u00bb background_color_gradient_start=\u00bb#ffffff\u00bb background_color_gradient_start_position=\u00bb70%\u00bb background_color_gradient_end=\u00bb#f8f8f8&#8243; background_color_gradient_end_position=\u00bb70%\u00bb background_enable_image=\u00bboff\u00bb custom_padding=\u00bb0px||||false|false\u00bb background_last_edited=\u00bbon|desktop\u00bb global_colors_info=\u00bb{%22gcid-01d52b91-888a-4360-8bf2-df06995b266a%22:%91%93}\u00bb][et_pb_column type=\u00bb1_3&#8243; _builder_version=\u00bb4.16&#8243; custom_padding=\u00bb|||\u00bb global_colors_info=\u00bb{}\u00bb custom_padding__hover=\u00bb|||\u00bb][et_pb_number_counter title=\u00bbpistas de tennis de tierra batida\u00bb number=\u00bb13&#8243; percent_sign=\u00bboff\u00bb _builder_version=\u00bb4.23.4&#8243; _module_preset=\u00bbdefault\u00bb custom_margin_tablet=\u00bb0px||60px||false|false\u00bb custom_margin_last_edited=\u00bboff|desktop\u00bb global_colors_info=\u00bb{}\u00bb][\/et_pb_number_counter][et_pb_number_counter title=\u00bbpistas de tennis de hierba\u00bb number=\u00bb2&#8243; percent_sign=\u00bboff\u00bb _builder_version=\u00bb4.23.4&#8243; _module_preset=\u00bbdefault\u00bb global_colors_info=\u00bb{}\u00bb][\/et_pb_number_counter][et_pb_number_counter title=\u00bbpistas de p\u00e1del outdoor\u00bb number=\u00bb7&#8243; percent_sign=\u00bboff\u00bb _builder_version=\u00bb4.23.4&#8243; _module_preset=\u00bbdefault\u00bb global_colors_info=\u00bb{}\u00bb][\/et_pb_number_counter][\/et_pb_column][et_pb_column type=\u00bb2_3&#8243; specialty_columns=\u00bb2&#8243; _builder_version=\u00bb4.16&#8243; custom_padding=\u00bb|||\u00bb global_colors_info=\u00bb{}\u00bb custom_padding__hover=\u00bb|||\u00bb][et_pb_row_inner column_structure=\u00bb1_2,1_2&#8243; _builder_version=\u00bb4.23.4&#8243; _module_preset=\u00bbdefault\u00bb global_colors_info=\u00bb{}\u00bb][et_pb_column_inner type=\u00bb1_2&#8243; saved_specialty_column_type=\u00bb2_3&#8243; _builder_version=\u00bb4.23.4&#8243; _module_preset=\u00bbdefault\u00bb global_colors_info=\u00bb{}\u00bb][et_pb_blurb title=\u00bbgimnasio y salas de fitness\u00bb use_icon=\u00bbon\u00bb font_icon=\u00bb&#xf44b;||fa||900&#8243; icon_color=\u00bb#F16A01&#8243; icon_placement=\u00bbleft\u00bb content_max_width=\u00bb100%\u00bb _builder_version=\u00bb4.23.4&#8243; _module_preset=\u00bb8fb9350d-ef42-473d-92d7-8a3a25dbee4e\u00bb header_level=\u00bbh3&#8243; header_font=\u00bb||||||||\u00bb animation=\u00bboff\u00bb header_font_size_tablet=\u00bb14px\u00bb header_font_size_phone=\u00bb\u00bb header_font_size_last_edited=\u00bbon|phone\u00bb image_max_width=\u00bb22px\u00bb image_max_width_tablet=\u00bb22px\u00bb image_max_width_phone=\u00bb20px\u00bb image_max_width_last_edited=\u00bbon|tablet\u00bb global_colors_info=\u00bb{}\u00bb][\/et_pb_blurb][et_pb_blurb title=\u00bbEspacio de piscinas\u00bb use_icon=\u00bbon\u00bb font_icon=\u00bb&#xf5c4;||fa||900&#8243; icon_color=\u00bb#F16A01&#8243; icon_placement=\u00bbleft\u00bb content_max_width=\u00bb100%\u00bb _builder_version=\u00bb4.23.4&#8243; _module_preset=\u00bb8fb9350d-ef42-473d-92d7-8a3a25dbee4e\u00bb header_level=\u00bbh3&#8243; header_font=\u00bb||||||||\u00bb animation=\u00bboff\u00bb header_font_size_tablet=\u00bb14px\u00bb header_font_size_phone=\u00bb\u00bb header_font_size_last_edited=\u00bbon|phone\u00bb image_max_width=\u00bb22px\u00bb image_max_width_tablet=\u00bb22px\u00bb image_max_width_phone=\u00bb20px\u00bb image_max_width_last_edited=\u00bbon|tablet\u00bb global_colors_info=\u00bb{}\u00bb]<\/p>\n<p>Una piscina grande y una piscina peque\u00f1a.<\/p>\n<p>[\/et_pb_blurb][et_pb_blurb title=\u00bbpistas de futbol y b\u00e1squet\u00bb use_icon=\u00bbon\u00bb font_icon=\u00bb&#xf434;||fa||900&#8243; icon_color=\u00bb#F16A01&#8243; icon_placement=\u00bbleft\u00bb content_max_width=\u00bb100%\u00bb _builder_version=\u00bb4.23.4&#8243; _module_preset=\u00bb8fb9350d-ef42-473d-92d7-8a3a25dbee4e\u00bb header_level=\u00bbh3&#8243; header_font=\u00bb||||||||\u00bb animation=\u00bboff\u00bb header_font_size_tablet=\u00bb14px\u00bb header_font_size_phone=\u00bb\u00bb header_font_size_last_edited=\u00bbon|phone\u00bb image_max_width=\u00bb22px\u00bb image_max_width_tablet=\u00bb22px\u00bb image_max_width_phone=\u00bb20px\u00bb image_max_width_last_edited=\u00bbon|tablet\u00bb global_colors_info=\u00bb{}\u00bb][\/et_pb_blurb][et_pb_blurb title=\u00bbparque infantil con zona verde\u00bb use_icon=\u00bbon\u00bb font_icon=\u00bb&#xf1bb;||fa||900&#8243; icon_color=\u00bb#F16A01&#8243; icon_placement=\u00bbleft\u00bb content_max_width=\u00bb100%\u00bb _builder_version=\u00bb4.23.4&#8243; _module_preset=\u00bb8fb9350d-ef42-473d-92d7-8a3a25dbee4e\u00bb header_level=\u00bbh3&#8243; header_font=\u00bb||||||||\u00bb animation=\u00bboff\u00bb header_font_size_tablet=\u00bb14px\u00bb header_font_size_phone=\u00bb\u00bb header_font_size_last_edited=\u00bbon|phone\u00bb image_max_width=\u00bb22px\u00bb image_max_width_tablet=\u00bb22px\u00bb image_max_width_phone=\u00bb20px\u00bb image_max_width_last_edited=\u00bbon|tablet\u00bb global_colors_info=\u00bb{}\u00bb][\/et_pb_blurb][\/et_pb_column_inner][et_pb_column_inner type=\u00bb1_2&#8243; saved_specialty_column_type=\u00bb2_3&#8243; _builder_version=\u00bb4.23.4&#8243; _module_preset=\u00bbdefault\u00bb global_colors_info=\u00bb{}\u00bb][et_pb_blurb title=\u00bbsalas de ocio\u00bb use_icon=\u00bbon\u00bb font_icon=\u00bb&#xf447;||fa||900&#8243; icon_color=\u00bb#F16A01&#8243; icon_placement=\u00bbleft\u00bb content_max_width=\u00bb100%\u00bb _builder_version=\u00bb4.23.4&#8243; _module_preset=\u00bb8fb9350d-ef42-473d-92d7-8a3a25dbee4e\u00bb header_level=\u00bbh3&#8243; header_font=\u00bb||||||||\u00bb animation=\u00bboff\u00bb header_font_size_tablet=\u00bb14px\u00bb header_font_size_phone=\u00bb\u00bb header_font_size_last_edited=\u00bbon|phone\u00bb image_max_width=\u00bb22px\u00bb image_max_width_tablet=\u00bb22px\u00bb image_max_width_phone=\u00bb20px\u00bb image_max_width_last_edited=\u00bbon|tablet\u00bb global_colors_info=\u00bb{}\u00bb]<\/p>\n<p>Para jugar a cartas, sala de billas, sala de actos&#8230;<\/p>\n<p>[\/et_pb_blurb][et_pb_blurb title=\u00bbvestuarios y saunas\u00bb use_icon=\u00bbon\u00bb font_icon=\u00bb&#xf769;||fa||900&#8243; icon_color=\u00bb#F16A01&#8243; icon_placement=\u00bbleft\u00bb content_max_width=\u00bb100%\u00bb _builder_version=\u00bb4.23.4&#8243; _module_preset=\u00bb8fb9350d-ef42-473d-92d7-8a3a25dbee4e\u00bb header_level=\u00bbh3&#8243; header_font=\u00bb||||||||\u00bb animation=\u00bboff\u00bb header_font_size_tablet=\u00bb14px\u00bb header_font_size_phone=\u00bb\u00bb header_font_size_last_edited=\u00bbon|phone\u00bb image_max_width=\u00bb22px\u00bb image_max_width_tablet=\u00bb22px\u00bb image_max_width_phone=\u00bb20px\u00bb image_max_width_last_edited=\u00bbon|tablet\u00bb global_colors_info=\u00bb{}\u00bb][\/et_pb_blurb][et_pb_blurb title=\u00bbbar, restaurante y terraza\u00bb use_icon=\u00bbon\u00bb font_icon=\u00bb&#xf2e7;||fa||900&#8243; icon_color=\u00bb#F16A01&#8243; icon_placement=\u00bbleft\u00bb content_max_width=\u00bb100%\u00bb _builder_version=\u00bb4.23.4&#8243; _module_preset=\u00bb8fb9350d-ef42-473d-92d7-8a3a25dbee4e\u00bb header_level=\u00bbh3&#8243; header_font=\u00bb||||||||\u00bb animation=\u00bboff\u00bb header_font_size_tablet=\u00bb14px\u00bb header_font_size_phone=\u00bb\u00bb header_font_size_last_edited=\u00bbon|phone\u00bb image_max_width=\u00bb22px\u00bb image_max_width_tablet=\u00bb22px\u00bb image_max_width_phone=\u00bb20px\u00bb image_max_width_last_edited=\u00bbon|tablet\u00bb global_colors_info=\u00bb{}\u00bb]<\/p>\n<p>Con grandes vistas a las pistas.<\/p>\n<p>[\/et_pb_blurb][\/et_pb_column_inner][\/et_pb_row_inner][et_pb_row_inner _builder_version=\u00bb4.23.4&#8243; _module_preset=\u00bbdefault\u00bb global_colors_info=\u00bb{}\u00bb][et_pb_column_inner saved_specialty_column_type=\u00bb2_3&#8243; _builder_version=\u00bb4.23.4&#8243; _module_preset=\u00bbdefault\u00bb global_colors_info=\u00bb{}\u00bb][et_pb_text _builder_version=\u00bb4.23.4&#8243; _module_preset=\u00bbb5629d61-8761-48a4-843a-08bad35c28b0&#8243; header_3_text_align=\u00bbleft\u00bb header_3_text_color=\u00bb#F16A01&#8243; text_orientation=\u00bbcenter\u00bb max_width=\u00bb900px\u00bb module_alignment=\u00bbcenter\u00bb locked=\u00bboff\u00bb global_colors_info=\u00bb{}\u00bb]<\/p>\n<h3>Todo en un magn\u00edfico entorno de gran tranquilidad, con espacios abiertos \u00a1y en contacto con la naturaleza!<\/h3>\n<p>[\/et_pb_text][\/et_pb_column_inner][\/et_pb_row_inner][\/et_pb_column][\/et_pb_section][et_pb_section fb_built=\u00bb1&#8243; _builder_version=\u00bb4.23.4&#8243; _module_preset=\u00bbdefault\u00bb global_colors_info=\u00bb{}\u00bb][et_pb_row _builder_version=\u00bb4.23.4&#8243; _module_preset=\u00bbdefault\u00bb global_colors_info=\u00bb{}\u00bb][et_pb_column type=\u00bb4_4&#8243; _builder_version=\u00bb4.23.4&#8243; _module_preset=\u00bbdefault\u00bb global_colors_info=\u00bb{}\u00bb][et_pb_text _builder_version=\u00bb4.23.4&#8243; _module_preset=\u00bbb5629d61-8761-48a4-843a-08bad35c28b0&#8243; header_2_font_size=\u00bb2.5em\u00bb text_orientation=\u00bbcenter\u00bb max_width=\u00bb900px\u00bb module_alignment=\u00bbcenter\u00bb locked=\u00bboff\u00bb global_colors_info=\u00bb{}\u00bb]<\/p>\n<h2>Pistas de tennis<\/h2>\n<p>[\/et_pb_text][et_pb_gallery gallery_ids=\u00bb985,991,989,987,994,996,998,1003,1005,1007,1009,1011,1013,1015,1017&#8243; posts_number=\u00bb12&#8243; show_title_and_caption=\u00bboff\u00bb _builder_version=\u00bb4.23.4&#8243; _module_preset=\u00bbdefault\u00bb global_colors_info=\u00bb{}\u00bb][\/et_pb_gallery][\/et_pb_column][\/et_pb_row][et_pb_row _builder_version=\u00bb4.23.4&#8243; _module_preset=\u00bbdefault\u00bb global_colors_info=\u00bb{}\u00bb][et_pb_column type=\u00bb4_4&#8243; _builder_version=\u00bb4.23.4&#8243; _module_preset=\u00bbdefault\u00bb global_colors_info=\u00bb{}\u00bb][et_pb_text _builder_version=\u00bb4.23.4&#8243; _module_preset=\u00bbb5629d61-8761-48a4-843a-08bad35c28b0&#8243; header_2_font_size=\u00bb2.5em\u00bb text_orientation=\u00bbcenter\u00bb max_width=\u00bb900px\u00bb module_alignment=\u00bbcenter\u00bb locked=\u00bboff\u00bb global_colors_info=\u00bb{}\u00bb]<\/p>\n<h2>Gym &amp; fitness<\/h2>\n<p>[\/et_pb_text][et_pb_gallery gallery_ids=\u00bb1025,1027,1029,1031,1033,1035,1037,1039,1041,1043,1045,1047,1049,1051,1053,1055,1057,1059&#8243; posts_number=\u00bb12&#8243; show_title_and_caption=\u00bboff\u00bb _builder_version=\u00bb4.23.4&#8243; _module_preset=\u00bbdefault\u00bb global_colors_info=\u00bb{}\u00bb][\/et_pb_gallery][\/et_pb_column][\/et_pb_row][et_pb_row _builder_version=\u00bb4.23.4&#8243; _module_preset=\u00bbdefault\u00bb global_colors_info=\u00bb{}\u00bb][et_pb_column type=\u00bb4_4&#8243; _builder_version=\u00bb4.23.4&#8243; _module_preset=\u00bbdefault\u00bb global_colors_info=\u00bb{}\u00bb][et_pb_text _builder_version=\u00bb4.23.4&#8243; _module_preset=\u00bbb5629d61-8761-48a4-843a-08bad35c28b0&#8243; header_2_font_size=\u00bb2.5em\u00bb text_orientation=\u00bbcenter\u00bb max_width=\u00bb900px\u00bb module_alignment=\u00bbcenter\u00bb locked=\u00bboff\u00bb global_colors_info=\u00bb{}\u00bb]<\/p>\n<h2>Zona piscina y pista polideportiva<\/h2>\n<p>[\/et_pb_text][et_pb_gallery gallery_ids=\u00bb1081,1061,1063,1067,809,794,804,802,790,813,788,800&#8243; show_title_and_caption=\u00bboff\u00bb _builder_version=\u00bb4.23.4&#8243; _module_preset=\u00bbdefault\u00bb global_colors_info=\u00bb{}\u00bb][\/et_pb_gallery][\/et_pb_column][\/et_pb_row][et_pb_row _builder_version=\u00bb4.23.4&#8243; _module_preset=\u00bbdefault\u00bb global_colors_info=\u00bb{}\u00bb][et_pb_column type=\u00bb4_4&#8243; _builder_version=\u00bb4.23.4&#8243; _module_preset=\u00bbdefault\u00bb global_colors_info=\u00bb{}\u00bb][et_pb_text _builder_version=\u00bb4.23.4&#8243; _module_preset=\u00bbb5629d61-8761-48a4-843a-08bad35c28b0&#8243; header_2_font_size=\u00bb2.5em\u00bb text_orientation=\u00bbcenter\u00bb max_width=\u00bb900px\u00bb module_alignment=\u00bbcenter\u00bb locked=\u00bboff\u00bb global_colors_info=\u00bb{}\u00bb]<\/p>\n<h2>Bar-restaurante y local social<\/h2>\n<p>[\/et_pb_text][et_pb_gallery gallery_ids=\u00bb764,770,1085,1083,1073,1079,1077,1075&#8243; show_title_and_caption=\u00bboff\u00bb _builder_version=\u00bb4.23.4&#8243; _module_preset=\u00bbdefault\u00bb global_colors_info=\u00bb{}\u00bb][\/et_pb_gallery][\/et_pb_column][\/et_pb_row][et_pb_row _builder_version=\u00bb4.23.4&#8243; _module_preset=\u00bbdefault\u00bb global_colors_info=\u00bb{}\u00bb][et_pb_column type=\u00bb4_4&#8243; _builder_version=\u00bb4.23.4&#8243; _module_preset=\u00bbdefault\u00bb global_colors_info=\u00bb{}\u00bb][et_pb_text _builder_version=\u00bb4.23.4&#8243; _module_preset=\u00bbb5629d61-8761-48a4-843a-08bad35c28b0&#8243; header_2_font_size=\u00bb2.5em\u00bb text_orientation=\u00bbcenter\u00bb max_width=\u00bb900px\u00bb module_alignment=\u00bbcenter\u00bb locked=\u00bboff\u00bb global_colors_info=\u00bb{}\u00bb]<\/p>\n<h2>Zona infantil<\/h2>\n<p>[\/et_pb_text][et_pb_gallery gallery_ids=\u00bb1091,1093,1095,1097&#8243; posts_number=\u00bb12&#8243; show_title_and_caption=\u00bboff\u00bb _builder_version=\u00bb4.23.4&#8243; _module_preset=\u00bbdefault\u00bb global_colors_info=\u00bb{}\u00bb][\/et_pb_gallery][\/et_pb_column][\/et_pb_row][et_pb_row _builder_version=\u00bb4.23.4&#8243; _module_preset=\u00bbdefault\u00bb global_colors_info=\u00bb{}\u00bb][et_pb_column type=\u00bb4_4&#8243; _builder_version=\u00bb4.23.4&#8243; _module_preset=\u00bbdefault\u00bb global_colors_info=\u00bb{}\u00bb][et_pb_text _builder_version=\u00bb4.23.4&#8243; _module_preset=\u00bbb5629d61-8761-48a4-843a-08bad35c28b0&#8243; header_2_font_size=\u00bb2.5em\u00bb text_orientation=\u00bbcenter\u00bb max_width=\u00bb900px\u00bb module_alignment=\u00bbcenter\u00bb locked=\u00bboff\u00bb global_colors_info=\u00bb{}\u00bb]<\/p>\n<h2>Zona de aparcamiento<\/h2>\n<p>[\/et_pb_text][et_pb_gallery gallery_ids=\u00bb1099,1101,1103,1105&#8243; posts_number=\u00bb12&#8243; show_title_and_caption=\u00bboff\u00bb _builder_version=\u00bb4.23.4&#8243; _module_preset=\u00bbdefault\u00bb global_colors_info=\u00bb{}\u00bb][\/et_pb_gallery][\/et_pb_column][\/et_pb_row][\/et_pb_section]<\/p>\n","protected":false},"excerpt":{"rendered":"<p>Las instalaciones del Club Tennis Urgell permiten que todos los socios puedan disfrutar del deporte, las amistades y la fam\u00edlia.Una piscina grande y una piscina peque\u00f1a.Para jugar a cartas, sala de billas, sala de actos&#8230;Con grandes vistas a las pistas.Todo en un magn\u00edfico entorno de gran tranquilidad, con espacios abiertos \u00a1y en contacto con la [&hellip;]<\/p>\n","protected":false},"author":1,"featured_media":0,"parent":0,"menu_order":0,"comment_status":"closed","ping_status":"closed","template":"","meta":{"_et_pb_use_builder":"on","_et_pb_old_content":"","_et_gb_content_width":"","footnotes":""},"class_list":["post-1436","page","type-page","status-publish","hentry"],"_links":{"self":[{"href":"https:\/\/tennisurgell.com\/es\/wp-json\/wp\/v2\/pages\/1436","targetHints":{"allow":["GET"]}}],"collection":[{"href":"https:\/\/tennisurgell.com\/es\/wp-json\/wp\/v2\/pages"}],"about":[{"href":"https:\/\/tennisurgell.com\/es\/wp-json\/wp\/v2\/types\/page"}],"author":[{"embeddable":true,"href":"https:\/\/tennisurgell.com\/es\/wp-json\/wp\/v2\/users\/1"}],"replies":[{"embeddable":true,"href":"https:\/\/tennisurgell.com\/es\/wp-json\/wp\/v2\/comments?post=1436"}],"version-history":[{"count":5,"href":"https:\/\/tennisurgell.com\/es\/wp-json\/wp\/v2\/pages\/1436\/revisions"}],"predecessor-version":[{"id":7778,"href":"https:\/\/tennisurgell.com\/es\/wp-json\/wp\/v2\/pages\/1436\/revisions\/7778"}],"wp:attachment":[{"href":"https:\/\/tennisurgell.com\/es\/wp-json\/wp\/v2\/media?parent=1436"}],"curies":[{"name":"wp","href":"https:\/\/api.w.org\/{rel}","templated":true}]}}