{"id":10157,"date":"2026-05-11T11:53:37","date_gmt":"2026-05-11T09:53:37","guid":{"rendered":"https:\/\/tennisurgell.com\/?page_id=10157"},"modified":"2026-05-11T13:18:20","modified_gmt":"2026-05-11T11:18:20","slug":"trofeo-albert-costa","status":"publish","type":"page","link":"https:\/\/tennisurgell.com\/es\/trofeo-albert-costa\/","title":{"rendered":"Trofeo Albert Costa"},"content":{"rendered":"<p>[et_pb_section fb_built=\u00bb1&#8243; _builder_version=\u00bb4.16&#8243; global_colors_info=\u00bb{}\u00bb][et_pb_row _builder_version=\u00bb4.16&#8243; background_size=\u00bbinitial\u00bb background_position=\u00bbtop_left\u00bb background_repeat=\u00bbrepeat\u00bb global_colors_info=\u00bb{}\u00bb][et_pb_column type=\u00bb4_4&#8243; _builder_version=\u00bb4.16&#8243; custom_padding=\u00bb|||\u00bb global_colors_info=\u00bb{}\u00bb custom_padding__hover=\u00bb|||\u00bb][et_pb_text _builder_version=\u00bb4.27.6&#8243; background_size=\u00bbinitial\u00bb background_position=\u00bbtop_left\u00bb background_repeat=\u00bbrepeat\u00bb global_colors_info=\u00bb{}\u00bb]<\/p>\n<h1 style=\"text-align: center;\"><strong>Trofeo Albert Costa: El futuro del tenis comienza aqu\u00ed<\/strong><\/h1>\n<p style=\"text-align: justify;\">Bienvenidos a uno de los torneos de referencia en el tenis juvenil nacional. El <strong>Trofeo Albert Costa<\/strong> no es solo una competici\u00f3n; es el escenario donde los sue\u00f1os se encuentran con la realidad.<\/p>\n<p style=\"text-align: justify;\">Celebrado anualmente desde 1983 en las instalaciones del <strong>Club Tennis Urgell<\/strong> (Lleida), nuestro torneo se ha consolidado como una de las citas ineludibles para las j\u00f3venes promesas del tenis nacional.<\/p>\n<p style=\"text-align: justify;\">Desde el a\u00f1o 2002, coincidiendo con la que posteriormente fue la consecuci\u00f3n del t\u00edtulo de Roland Garros por parte de Albert Costa en ese mismo a\u00f1o, el tradicional Torneo de Semana Santa del Club de Tenis Urgell pas\u00f3 tambi\u00e9n a denominarse \u00abTrofeo Albert Costa\u00bb, <span class=\"\">en honor al campe\u00f3n de Roland Garros y orgullo del tenis leridano.<\/span><\/p>\n<p>&nbsp;<\/p>\n<h2 style=\"text-align: center;\"><strong>\u00bfQu\u00e9 hace \u00fanico al Trofeo Albert Costa?<\/strong><\/h2>\n<p style=\"text-align: justify;\">Somos mucho m\u00e1s que un torneo Sub-13. Nuestra filosof\u00eda es ofrecer a los jugadores una experiencia de nivel profesional, cuidando cada detalle para que vivan una inmersi\u00f3n completa en el tenis de alta competici\u00f3n.<\/p>\n<ul>\n<li style=\"list-style-type: none;\">\n<ul data-path-to-node=\"8\">\n<li>\n<p style=\"text-align: justify;\"><strong>Cuna de leyendas:<\/strong> A lo largo de todas sus ediciones, nuestras pistas han sido testigos de los primeros pasos de los m\u00e1s grandes. Jugadores de la talla de <strong>Rafa Nadal, Carlos Alcaraz, Garbi\u00f1e Muguruza, Paula Badosa y Alex de Mi\u00f1aur<\/strong> han competido aqu\u00ed, convirtiendo este torneo en un referente hist\u00f3rico.<\/p>\n<\/li>\n<li>\n<p style=\"text-align: justify;\"><strong>El Campeonato \u00abOficioso\u00bb de Espa\u00f1a:<\/strong> Por nuestro nivel competitivo y la calidad de los participantes, el Trofeo Albert Costa es reconocido en el circuito como el campeonato de referencia para la categor\u00eda Sub-13. El Club Tennis Urgell invita a los mejores jugadores menores de 13 a\u00f1os del panorama ten\u00edstico nacional, seleccionados seg\u00fan el ranking R.F.E.T. y resultados en el Circuito Nacional, a participar en dicho torneo y completar as\u00ed un grupo de 16 jugadores participantes que integrar\u00e1n, adem\u00e1s de los invitados, a los clasificados de la disputa de una fase previa.<\/p>\n<\/li>\n<li>\n<p style=\"text-align: justify;\"><strong>Formato de Alta Intensidad:<\/strong> Con el paso de los a\u00f1os el Trofeo Albert Costa ha pasado por diferentes formatos de competici\u00f3n, siendo, desde el a\u00f1o 2.025, utilizado un formato que permite a los participantes la disputa m\u00ednima de 3 partidos. En una clara apuesta por el desarrollo del jugador, los 16 jugadores participantes son repartidos en 4 grupos que disputar\u00e1n una fase preliminar en formato de <strong>Round Robin.<\/strong> Gracias a este formato permitimos a los jugadores disfrutar de una experiencia de juego m\u00e1s rica y una mayor oportunidad de demostrar su talento. Los vencedores de cada uno de los grupos, se clasificar\u00e1n para la disputa de los cuadros eliminatorios en formato de semifinales y final.<\/p>\n<\/li>\n<\/ul>\n<\/li>\n<\/ul>\n<p style=\"text-align: justify;\">Durante la disputa del torneo se puede disfrutar de un gran nivel en los partidos de tenis, pues no en vano, los contendientes son las m\u00e1s firmes promesas del tenis espa\u00f1ol, lo que garantiza un gran espect\u00e1culo al espectador.<\/p>\n<p style=\"text-align: justify;\">El Club Tennis Urgell apuesta as\u00ed por un torneo de calidad que al mismo tiempo proyecte a los j\u00f3venes jugadores hacia el futuro, inscribi\u00e9ndose el nombre de los finalistas en el palmar\u00e9s del Trofeo Albert Costa.<\/p>\n<blockquote class=\"\" style=\"padding-left: 40px;\" data-path-to-node=\"12\">\n<p style=\"padding-left: 40px;\" data-path-to-node=\"12,0\"><i data-path-to-node=\"12,0\" data-index-in-node=\"0\">\u00abEs un orgullo ver c\u00f3mo los ni\u00f1os y ni\u00f1as que hoy compiten en nuestras pistas, ma\u00f1ana brillan en los estadios de Grand Slam de todo el mundo.\u00bb<\/i><\/p>\n<\/blockquote>\n<p>[\/et_pb_text][et_pb_button button_url=\u00bbhttps:\/\/tennisurgell.com\/wp-content\/Trofeo_Albert_Costa\/Palmares.pdf\u00bb button_text=\u00bb Accede al Palmar\u00e9s\u00bb button_alignment=\u00bbcenter\u00bb _builder_version=\u00bb4.27.6&#8243; _module_preset=\u00bbdefault\u00bb box_shadow_style=\u00bbpreset4&#8243; global_colors_info=\u00bb{}\u00bb][\/et_pb_button][\/et_pb_column][\/et_pb_row][\/et_pb_section]<\/p>\n","protected":false},"excerpt":{"rendered":"<p>Trofeo Albert Costa: El futuro del tenis comienza aqu\u00ed Bienvenidos a uno de los torneos de referencia en el tenis juvenil nacional. El Trofeo Albert Costa no es solo una competici\u00f3n; es el escenario donde los sue\u00f1os se encuentran con la realidad. Celebrado anualmente desde 1983 en las instalaciones del Club Tennis Urgell (Lleida), nuestro [&hellip;]<\/p>\n","protected":false},"author":113,"featured_media":0,"parent":0,"menu_order":0,"comment_status":"closed","ping_status":"closed","template":"","meta":{"_et_pb_use_builder":"on","_et_pb_old_content":"<p>\u00a0<\/p><h1 style=\"text-align: center;\"><strong>Trofeo Albert Costa<\/strong><\/h1><p>\u00a0<\/p><p style=\"text-align: justify;\">El Club Tennis Urgell celebra, desde el a\u00f1o 1983, su Torneo de Semana Santa.<\/p><p style=\"text-align: justify;\">Desde el a\u00f1o 2002, coincidiendo con la que posteriormente fue la consecuci\u00f3n del t\u00edtulo de Roland Garros por parte de Albert Costa en ese mismo a\u00f1o, el tradicional Torneo de Semana Santa del Club de Tenis Urgell pas\u00f3 tambi\u00e9n a denominarse \"Trofeo Albert Costa\".<\/p><p style=\"text-align: justify;\">El Club Tennis Urgell invita a los mejores jugadores menores de 13 a\u00f1os del panorama ten\u00edstico nacional a participar en dicho torneo para completar un grupo de jugadores participantes que integrar\u00e1n, adem\u00e1s de los invitados, a los clasificados de la disputa de una fase previa.<\/p><p style=\"text-align: justify;\">Con el paso de los a\u00f1os el Trofeo Albert Costa ha pasado por diferentes formatos de competici\u00f3n, siendo, desde el a\u00f1o 2.025, utilizado un formato que permite a los participantes la disputa m\u00ednima de 3 partidos.<\/p><p style=\"text-align: justify;\">Los 16 jugadores participantes (entre clasificados de la fase previa y los seleccionados) son repartidos en 4 grupos que disputar\u00e1n una fase preliminar en formato de round-robin, clasific\u00e1ndose \u00fanicamente los vencedores de cada uno de los grupos para la disputa de los cuadros eliminatorios en formato de semifinales y final.<\/p><p style=\"text-align: justify;\">Durante la disputa del torneo se puede disfrutar de un gran nivel en los partidos de tenis, pues no en vano, los contendientes son las m\u00e1s firmes promesas del tenis espa\u00f1ol, lo que garantiza un gran espect\u00e1culo al espectador.<\/p><p style=\"text-align: justify;\">El Club Tennis Urgell apuesta as\u00ed por un torneo de calidad que al mismo tiempo proyecte a los j\u00f3venes jugadores hacia el futuro, inscribi\u00e9ndose el nombre de los finalistas en el palmar\u00e9s del Trofeo Albert Costa.<\/p><p>\u00a0<\/p><p style=\"text-align: center;\">[button link=\"https:\/\/tennisurgell.com\/wp-content\/Trofeo_Albert_Costa\/Palmares.pdf\"] Accede al Palmar\u00e9s[\/button]<\/p>","_et_gb_content_width":"","_coblocks_attr":"","_coblocks_dimensions":"","_coblocks_responsive_height":"","_coblocks_accordion_ie_support":"","footnotes":""},"class_list":["post-10157","page","type-page","status-publish","hentry"],"_links":{"self":[{"href":"https:\/\/tennisurgell.com\/es\/wp-json\/wp\/v2\/pages\/10157","targetHints":{"allow":["GET"]}}],"collection":[{"href":"https:\/\/tennisurgell.com\/es\/wp-json\/wp\/v2\/pages"}],"about":[{"href":"https:\/\/tennisurgell.com\/es\/wp-json\/wp\/v2\/types\/page"}],"author":[{"embeddable":true,"href":"https:\/\/tennisurgell.com\/es\/wp-json\/wp\/v2\/users\/113"}],"replies":[{"embeddable":true,"href":"https:\/\/tennisurgell.com\/es\/wp-json\/wp\/v2\/comments?post=10157"}],"version-history":[{"count":3,"href":"https:\/\/tennisurgell.com\/es\/wp-json\/wp\/v2\/pages\/10157\/revisions"}],"predecessor-version":[{"id":10176,"href":"https:\/\/tennisurgell.com\/es\/wp-json\/wp\/v2\/pages\/10157\/revisions\/10176"}],"wp:attachment":[{"href":"https:\/\/tennisurgell.com\/es\/wp-json\/wp\/v2\/media?parent=10157"}],"curies":[{"name":"wp","href":"https:\/\/api.w.org\/{rel}","templated":true}]}}